{"id":2501,"date":"2026-04-21T12:27:51","date_gmt":"2026-04-21T12:27:51","guid":{"rendered":"https:\/\/gewinnspiele.der-reporter.de\/?page_id=2501"},"modified":"2026-04-21T12:30:57","modified_gmt":"2026-04-21T12:30:57","slug":"comedy-night","status":"publish","type":"page","link":"https:\/\/gewinnspiele.der-reporter.de\/?page_id=2501","title":{"rendered":"Comedy-Night"},"content":{"rendered":"\t\t<div data-elementor-type=\"wp-post\" data-elementor-id=\"2501\" class=\"elementor elementor-2501\">\n\t\t\t\t\t\t<section class=\"elementor-section elementor-top-section elementor-element elementor-element-2c22657 elementor-section-content-middle elementor-reverse-tablet elementor-reverse-mobile elementor-section-boxed elementor-section-height-default elementor-section-height-default\" data-id=\"2c22657\" data-element_type=\"section\" data-e-type=\"section\" data-settings=\"{&quot;background_background&quot;:&quot;classic&quot;}\">\n\t\t\t\t\t\t\t<div class=\"elementor-background-overlay\"><\/div>\n\t\t\t\t\t\t\t<div class=\"elementor-container elementor-column-gap-no\">\n\t\t\t\t\t<div class=\"elementor-column elementor-col-100 elementor-top-column elementor-element elementor-element-80fd093\" data-id=\"80fd093\" data-element_type=\"column\" data-e-type=\"column\">\n\t\t\t<div class=\"elementor-widget-wrap\">\n\t\t\t\t\t\t\t<\/div>\n\t\t<\/div>\n\t\t\t\t\t<\/div>\n\t\t<\/section>\n\t\t\t\t<section class=\"elementor-section elementor-top-section elementor-element elementor-element-e46866b elementor-section-content-top elementor-section-boxed elementor-section-height-default elementor-section-height-default\" data-id=\"e46866b\" data-element_type=\"section\" data-e-type=\"section\" data-settings=\"{&quot;background_background&quot;:&quot;classic&quot;}\">\n\t\t\t\t\t\t<div class=\"elementor-container elementor-column-gap-no\">\n\t\t\t\t\t<div class=\"elementor-column elementor-col-100 elementor-top-column elementor-element elementor-element-590cd28\" data-id=\"590cd28\" data-element_type=\"column\" data-e-type=\"column\">\n\t\t\t<div class=\"elementor-widget-wrap elementor-element-populated\">\n\t\t\t\t\t\t<div class=\"elementor-element elementor-element-f9cda48 elementor-widget elementor-widget-heading\" data-id=\"f9cda48\" data-element_type=\"widget\" data-e-type=\"widget\" data-widget_type=\"heading.default\">\n\t\t\t\t<div class=\"elementor-widget-container\">\n\t\t\t\t\t<h3 class=\"elementor-heading-title elementor-size-default\">Teilnahme<\/h3>\t\t\t\t<\/div>\n\t\t\t\t<\/div>\n\t\t\t\t<div class=\"elementor-element elementor-element-e18fe87 elementor-widget elementor-widget-heading\" data-id=\"e18fe87\" data-element_type=\"widget\" data-e-type=\"widget\" data-widget_type=\"heading.default\">\n\t\t\t\t<div class=\"elementor-widget-container\">\n\t\t\t\t\t<h2 class=\"elementor-heading-title elementor-size-default\"><span data-olk-copy-source=\"MessageBody\">2. Neust\u00e4dter Comedy-Night<\/span><\/h2>\t\t\t\t<\/div>\n\t\t\t\t<\/div>\n\t\t\t\t<div class=\"elementor-element elementor-element-e15d161 elementor-widget elementor-widget-heading\" data-id=\"e15d161\" data-element_type=\"widget\" data-e-type=\"widget\" data-widget_type=\"heading.default\">\n\t\t\t\t<div class=\"elementor-widget-container\">\n\t\t\t\t\t<h3 class=\"elementor-heading-title elementor-size-default\">Wir verlosen 3 x 2 <span data-olk-copy-source=\"MessageBody\">G\u00e4stelistenpl\u00e4tze<\/span><\/h3>\t\t\t\t<\/div>\n\t\t\t\t<\/div>\n\t\t\t\t<div class=\"elementor-element elementor-element-bd78dbd elementor-widget-divider--view-line elementor-widget elementor-widget-divider\" data-id=\"bd78dbd\" data-element_type=\"widget\" data-e-type=\"widget\" data-widget_type=\"divider.default\">\n\t\t\t\t<div class=\"elementor-widget-container\">\n\t\t\t\t\t\t\t<div class=\"elementor-divider\">\n\t\t\t<span class=\"elementor-divider-separator\">\n\t\t\t\t\t\t<\/span>\n\t\t<\/div>\n\t\t\t\t\t\t<\/div>\n\t\t\t\t<\/div>\n\t\t\t\t<div class=\"elementor-element elementor-element-adedfff elementor-widget elementor-widget-text-editor\" data-id=\"adedfff\" data-element_type=\"widget\" data-e-type=\"widget\" data-widget_type=\"text-editor.default\">\n\t\t\t\t<div class=\"elementor-widget-container\">\n\t\t\t\t\t\t\t\t\t<p class=\"x_MsoNormal\" data-olk-copy-source=\"MessageBody\">Am 22. April um 19:30 Uhr geht in Neustadt in Holstein die zweite Ausgabe der \u201eComedy-Night\u201c \u00fcber die B\u00fchne. Veranstaltungsort ist wieder Gordans Sch\u00fctzenhof. Mit \u201eK\u00fcsten-Comedy\u201c etabliert sich an der L\u00fcbecker Bucht ein neuer, regelm\u00e4\u00dfiger Comedy-Club, der ganz auf das Live-Erlebnis setzt \u2013 roh, ehrlich und unmittelbar. Karten im Vorverkauf gibt es unter <a title=\"http:\/\/www.kuesten-comedy.de\" href=\"http:\/\/www.kuesten-comedy.de\" target=\"_blank\" rel=\"noopener noreferrer\" data-auth=\"NotApplicable\" data-linkindex=\"0\">www.kuesten-comedy.de<\/a>.<\/p><p class=\"x_MsoNormal\" aria-hidden=\"true\">Der reporter verlost f\u00fcr die Veranstaltung am kommenden Mittwoch 3 x 2 G\u00e4stelistenpl\u00e4tze.\u00a0<br \/><br \/>Die Gewinner werden per E-Mail von uns informiert. Teilnahmeschluss ist der morgige Mittwoch um 12 Uhr.<\/p>\t\t\t\t\t\t\t\t<\/div>\n\t\t\t\t<\/div>\n\t\t\t\t<div class=\"elementor-element elementor-element-3ea9a4b elementor-widget elementor-widget-shortcode\" data-id=\"3ea9a4b\" data-element_type=\"widget\" data-e-type=\"widget\" data-widget_type=\"shortcode.default\">\n\t\t\t\t<div class=\"elementor-widget-container\">\n\t\t\t\t\t\t\t<div class=\"elementor-shortcode\"><div class=\"everest-forms\"><div class=\"evf-container default\" id=\"evf-2499\"><form id=\"evf-form-2499\" class=\"everest-form\" data-formid=\"2499\" data-ajax_submission=\"0\" data-keyboard_friendly_form=\"0\" data-form_state_type=\"\" method=\"post\" enctype=\"multipart\/form-data\" action=\"\/index.php?rest_route=%2Fwp%2Fv2%2Fpages%2F2501\"><div class=\"evf-field-container\"><input type=\"hidden\" id=\"_wpnonce2499\" name=\"_wpnonce2499\" value=\"df781ea8f1\" \/><input type=\"hidden\" name=\"_wp_http_referer\" value=\"\/index.php?rest_route=%2Fwp%2Fv2%2Fpages%2F2501\" \/><div class=\"evf-frontend-row\" data-row=\"row_2\" conditional_rules=\"[]\"><div class=\"evf-frontend-grid evf-grid-2\" data-grid=\"grid_1\"><div id=\"evf-2499-field_MrafFt62uj-2-container\" class=\"evf-field evf-field-text form-row validate-required\" data-required-field-message=\"This field is required.\" data-field-id=\"MrafFt62uj-2\"><label class=\"evf-field-label\" for=\"evf-2499-field_MrafFt62uj-2\"><span class=\"evf-label\">Vorname<\/span> <abbr class=\"required\" title=\"Required\">*<\/abbr><\/label><input type=\"text\" id=\"evf-2499-field_MrafFt62uj-2\" class=\"input-text\" name=\"everest_forms[form_fields][MrafFt62uj-2]\" required><\/div><\/div><div class=\"evf-frontend-grid evf-grid-2\" data-grid=\"grid_2\"><div id=\"evf-2499-field_SE6m1Knp3E-15-container\" class=\"evf-field evf-field-text form-row validate-required\" data-required-field-message=\"This field is required.\" data-field-id=\"SE6m1Knp3E-15\"><label class=\"evf-field-label\" for=\"evf-2499-field_SE6m1Knp3E-15\"><span class=\"evf-label\">Nachname<\/span> <abbr class=\"required\" title=\"Required\">*<\/abbr><\/label><input type=\"text\" id=\"evf-2499-field_SE6m1Knp3E-15\" class=\"input-text\" name=\"everest_forms[form_fields][SE6m1Knp3E-15]\" required><\/div><\/div><\/div><div class=\"evf-frontend-row\" data-row=\"row_4\" conditional_rules=\"[]\"><div class=\"evf-frontend-grid evf-grid-2\" data-grid=\"grid_1\"><div id=\"evf-2499-field_oFkPedPgP4-6-container\" class=\"evf-field evf-field-email form-row validate-required validate-email\" data-required-field-message=\"Please enter a valid email address.\" data-field-id=\"oFkPedPgP4-6\"><label class=\"evf-field-label\" for=\"evf-2499-field_oFkPedPgP4-6\"><span class=\"evf-label\">Email<\/span> <abbr class=\"required\" title=\"Required\">*<\/abbr><\/label><input type=\"email\" id=\"evf-2499-field_oFkPedPgP4-6\" class=\"input-text\" name=\"everest_forms[form_fields][oFkPedPgP4-6]\" required ><\/div><\/div><div class=\"evf-frontend-grid evf-grid-2\" data-grid=\"grid_2\"><\/div><\/div><div class=\"evf-frontend-row\" data-row=\"row_5\" conditional_rules=\"[]\"><div class=\"evf-frontend-grid evf-grid-1\" data-grid=\"grid_1\"><div id=\"evf-2499-field_4POwoMyJet-17-container\" class=\"evf-field evf-field-checkbox form-row\" data-field-id=\"4POwoMyJet-17\"><label class=\"evf-field-label\" for=\"evf-2499-field_4POwoMyJet-17\"><span class=\"evf-label\">Jetzt zum Newsletter anmelden und keinen reporter mehr verpassen!<\/span> <\/label><ul id=\"evf-2499-field_4POwoMyJet-17\"><li class=\"choice-1 depth-1\"><input type=\"checkbox\" id=\"evf-2499-field_4POwoMyJet-17_1\" class=\"input-text\" name=\"everest_forms[form_fields][4POwoMyJet-17][]\" value=\"Ich m\u00f6chte den reporter-Newsletter erhalten\"  ><label class=\"everest-forms-field-label-inline\" for=\"evf-2499-field_4POwoMyJet-17_1\">Ich m\u00f6chte den reporter-Newsletter erhalten<\/label><\/li><\/ul><\/div><div id=\"evf-2499-field_B8iCQS2MPq-8-container\" class=\"evf-field evf-field-checkbox form-row validate-required\" data-required-field-message=\"This field is required.\" data-field-id=\"B8iCQS2MPq-8\"><label class=\"evf-field-label\" for=\"evf-2499-field_B8iCQS2MPq-8\"><span class=\"evf-label\">Einwilligungserkl\u00e4rung Datenschutz<\/span> <abbr class=\"required\" title=\"Required\">*<\/abbr><\/label><ul id=\"evf-2499-field_B8iCQS2MPq-8\" class=\" evf-field-required\"><li class=\"choice-1 depth-1\"><input type=\"checkbox\" id=\"evf-2499-field_B8iCQS2MPq-8_1\" class=\"input-text\" name=\"everest_forms[form_fields][B8iCQS2MPq-8][]\" value=\"Mit Setzen des H\u00e4kchens im nebenstehenden Kontrollk\u00e4stchen erkl\u00e4ren Sie sich einverstanden, dass die von Ihnen angegebenen Daten elektronisch erhoben und gespeichert werden. Ihre Daten werden dabei nur streng zweckgebunden zur Bearbeitung und Beantwortung Ihrer Anfrage genutzt. Diese Einwilligung k\u00f6nnen Sie jederzeit durch Nachricht an uns widerrufen. Im Falle des Widerrufs werden Ihre Daten umgehend gel\u00f6scht. Weitere Informationen entnehmen Sie der Datenschutzerkl\u00e4rung\" required ><label class=\"everest-forms-field-label-inline\" for=\"evf-2499-field_B8iCQS2MPq-8_1\">Mit Setzen des H\u00e4kchens im nebenstehenden Kontrollk\u00e4stchen erkl\u00e4ren Sie sich einverstanden, dass die von Ihnen angegebenen Daten elektronisch erhoben und gespeichert werden. Ihre Daten werden dabei nur streng zweckgebunden zur Bearbeitung und Beantwortung Ihrer Anfrage genutzt. Diese Einwilligung k\u00f6nnen Sie jederzeit durch Nachricht an uns widerrufen. Im Falle des Widerrufs werden Ihre Daten umgehend gel\u00f6scht. Weitere Informationen entnehmen Sie der Datenschutzerkl\u00e4rung<\/label><\/li><\/ul><\/div><\/div><\/div><\/div><div class=\"evf-honeypot-container evf-field-hp\"><label for=\"evf-2499-field-hp\" class=\"evf-field-label\">Phone<\/label><input type=\"text\" name=\"everest_forms[hp]\" id=\"evf-2499-field-hp\" class=\"input-text\"><\/div><div class=\"evf-submit-container \" ><input type=\"hidden\" name=\"everest_forms[id]\" value=\"2499\"><input type=\"hidden\" name=\"everest_forms[author]\" value=\"1\"><button type='submit' name='everest_forms[submit]' class='everest-forms-submit-button button evf-submit ' id='evf-submit-2499' value='evf-submit' data-process-text=\"Wird verarbeitet\u2026\" conditional_rules='&quot;&quot;' conditional_id='evf-submit-2499'  id=\"evf-submit-2499\" aria-live=\"assertive\">Absenden<\/button><\/div><\/form><\/div><!-- .evf-container --><\/div> <\/div>\n\t\t\t\t\t\t<\/div>\n\t\t\t\t<\/div>\n\t\t\t\t<div class=\"elementor-element elementor-element-cf2b5e7 elementor-align-center elementor-widget elementor-widget-button\" data-id=\"cf2b5e7\" data-element_type=\"widget\" data-e-type=\"widget\" data-widget_type=\"button.default\">\n\t\t\t\t<div class=\"elementor-widget-container\">\n\t\t\t\t\t\t\t\t\t<div class=\"elementor-button-wrapper\">\n\t\t\t\t\t<a class=\"elementor-button elementor-button-link elementor-size-sm\" href=\"https:\/\/www.der-reporter.de\/startseite\/\">\n\t\t\t\t\t\t<span class=\"elementor-button-content-wrapper\">\n\t\t\t\t\t\t\t\t\t<span class=\"elementor-button-text\">Zur\u00fcck zu der-reporter.de<\/span>\n\t\t\t\t\t<\/span>\n\t\t\t\t\t<\/a>\n\t\t\t\t<\/div>\n\t\t\t\t\t\t\t\t<\/div>\n\t\t\t\t<\/div>\n\t\t\t\t\t<\/div>\n\t\t<\/div>\n\t\t\t\t\t<\/div>\n\t\t<\/section>\n\t\t\t\t<\/div>\n\t\t","protected":false},"excerpt":{"rendered":"<p>Teilnahme 2. Neust\u00e4dter Comedy-Night Wir verlosen 3 x 2 G\u00e4stelistenpl\u00e4tze Am 22. April um 19:30 Uhr geht in Neustadt in Holstein die zweite Ausgabe der \u201eComedy-Night\u201c \u00fcber die B\u00fchne. Veranstaltungsort ist wieder Gordans Sch\u00fctzenhof. Mit \u201eK\u00fcsten-Comedy\u201c etabliert sich an der L\u00fcbecker Bucht ein neuer, regelm\u00e4\u00dfiger Comedy-Club, der ganz auf das Live-Erlebnis setzt \u2013 roh, ehrlich [&hellip;]<\/p>\n","protected":false},"author":1,"featured_media":0,"parent":0,"menu_order":0,"comment_status":"closed","ping_status":"closed","template":"","meta":{"site-sidebar-layout":"no-sidebar","site-content-layout":"page-builder","ast-site-content-layout":"full-width-container","site-content-style":"unboxed","site-sidebar-style":"unboxed","ast-global-header-display":"","ast-banner-title-visibility":"","ast-main-header-display":"","ast-hfb-above-header-display":"","ast-hfb-below-header-display":"","ast-hfb-mobile-header-display":"","site-post-title":"disabled","ast-breadcrumbs-content":"disabled","ast-featured-img":"disabled","footer-sml-layout":"","theme-transparent-header-meta":"enabled","adv-header-id-meta":"","stick-header-meta":"","header-above-stick-meta":"","header-main-stick-meta":"","header-below-stick-meta":"","astra-migrate-meta-layouts":"set","ast-page-background-enabled":"default","ast-page-background-meta":{"desktop":{"background-color":"","background-image":"","background-repeat":"repeat","background-position":"center center","background-size":"auto","background-attachment":"scroll","background-type":"","background-media":"","overlay-type":"","overlay-color":"","overlay-opacity":"","overlay-gradient":""},"tablet":{"background-color":"","background-image":"","background-repeat":"repeat","background-position":"center center","background-size":"auto","background-attachment":"scroll","background-type":"","background-media":"","overlay-type":"","overlay-color":"","overlay-opacity":"","overlay-gradient":""},"mobile":{"background-color":"","background-image":"","background-repeat":"repeat","background-position":"center center","background-size":"auto","background-attachment":"scroll","background-type":"","background-media":"","overlay-type":"","overlay-color":"","overlay-opacity":"","overlay-gradient":""}},"ast-content-background-meta":{"desktop":{"background-color":"var(--ast-global-color-5)","background-image":"","background-repeat":"repeat","background-position":"center center","background-size":"auto","background-attachment":"scroll","background-type":"","background-media":"","overlay-type":"","overlay-color":"","overlay-opacity":"","overlay-gradient":""},"tablet":{"background-color":"var(--ast-global-color-5)","background-image":"","background-repeat":"repeat","background-position":"center center","background-size":"auto","background-attachment":"scroll","background-type":"","background-media":"","overlay-type":"","overlay-color":"","overlay-opacity":"","overlay-gradient":""},"mobile":{"background-color":"var(--ast-global-color-5)","background-image":"","background-repeat":"repeat","background-position":"center center","background-size":"auto","background-attachment":"scroll","background-type":"","background-media":"","overlay-type":"","overlay-color":"","overlay-opacity":"","overlay-gradient":""}},"footnotes":""},"class_list":["post-2501","page","type-page","status-publish","hentry"],"_links":{"self":[{"href":"https:\/\/gewinnspiele.der-reporter.de\/index.php?rest_route=\/wp\/v2\/pages\/2501","targetHints":{"allow":["GET"]}}],"collection":[{"href":"https:\/\/gewinnspiele.der-reporter.de\/index.php?rest_route=\/wp\/v2\/pages"}],"about":[{"href":"https:\/\/gewinnspiele.der-reporter.de\/index.php?rest_route=\/wp\/v2\/types\/page"}],"author":[{"embeddable":true,"href":"https:\/\/gewinnspiele.der-reporter.de\/index.php?rest_route=\/wp\/v2\/users\/1"}],"replies":[{"embeddable":true,"href":"https:\/\/gewinnspiele.der-reporter.de\/index.php?rest_route=%2Fwp%2Fv2%2Fcomments&post=2501"}],"version-history":[{"count":4,"href":"https:\/\/gewinnspiele.der-reporter.de\/index.php?rest_route=\/wp\/v2\/pages\/2501\/revisions"}],"predecessor-version":[{"id":2507,"href":"https:\/\/gewinnspiele.der-reporter.de\/index.php?rest_route=\/wp\/v2\/pages\/2501\/revisions\/2507"}],"wp:attachment":[{"href":"https:\/\/gewinnspiele.der-reporter.de\/index.php?rest_route=%2Fwp%2Fv2%2Fmedia&parent=2501"}],"curies":[{"name":"wp","href":"https:\/\/api.w.org\/{rel}","templated":true}]}}